{"id":75,"date":"2023-12-08T19:00:32","date_gmt":"2023-12-08T18:00:32","guid":{"rendered":"https:\/\/demosites.io\/web-agency-gb\/?page_id=75"},"modified":"2026-02-03T11:25:11","modified_gmt":"2026-02-03T10:25:11","slug":"me-contacter","status":"publish","type":"page","link":"https:\/\/thorhabitatrenov.fr\/index.php\/me-contacter\/","title":{"rendered":"Me contacter"},"content":{"rendered":"\n<div class=\"wp-block-cover alignfull\" style=\"min-height:121px\"><span aria-hidden=\"true\" class=\"wp-block-cover__background has-nv-site-bg-background-color has-background-dim-100 has-background-dim\"><\/span><div class=\"wp-block-cover__inner-container is-layout-flow wp-block-cover-is-layout-flow\">\n<div class=\"wp-block-group is-layout-flow wp-block-group-is-layout-flow\"><div class=\"wp-block-group__inner-container\">\n<h1 class=\"wp-block-heading has-text-align-left has-neve-text-color-color has-text-color\">Me contacter<\/h1>\n<\/div><\/div>\n<\/div><\/div>\n\n\n\n<div class=\"wp-block-cover alignfull\" style=\"min-height:420px\"><span aria-hidden=\"true\" class=\"wp-block-cover__background has-nv-light-bg-background-color has-background-dim-100 has-background-dim\"><\/span><div class=\"wp-block-cover__inner-container is-layout-flow wp-block-cover-is-layout-flow\">\n<div style=\"height:80px\" aria-hidden=\"true\" class=\"wp-block-spacer\"><\/div>\n\n\n\n<div class=\"wp-block-columns is-layout-flex wp-container-core-columns-layout-1 wp-block-columns-is-layout-flex\">\n<div class=\"wp-block-column ticss-4ce656f1 is-layout-flow wp-block-column-is-layout-flow\">\n<div class=\"wp-block-group has-nv-site-bg-background-color has-background is-layout-flow wp-block-group-is-layout-flow\"><div class=\"wp-block-group__inner-container\">\n<div style=\"height:var(--wp--preset--spacing--30)\" aria-hidden=\"true\" class=\"wp-block-spacer\"><\/div>\n\n\n<div class=\"wp-block-image icon-style is-style-default\">\n<figure class=\"aligncenter size-large\"><img decoding=\"async\" width=\"63\" height=\"63\" src=\"https:\/\/thorhabitatrenov.fr\/wp-content\/uploads\/2021\/06\/phone-sm.png\" alt=\"T\u00e9l\u00e9phone Thor Habitat Renov\" class=\"wp-image-304\"\/><\/figure><\/div>\n\n\n<div style=\"height:24px\" aria-hidden=\"true\" class=\"wp-block-spacer\"><\/div>\n\n\n\n<h3 class=\"wp-block-heading has-text-align-center has-neve-text-color-color has-text-color\">T\u00e9l\u00e9phone<\/h3>\n\n\n\n<p class=\"has-text-align-center has-neve-text-color-color has-text-color\" style=\"font-size:15px\">06 27 96 17 59 <\/p>\n\n\n\n<div style=\"height:26px\" aria-hidden=\"true\" class=\"wp-block-spacer\"><\/div>\n<\/div><\/div>\n<\/div>\n\n\n\n<div class=\"wp-block-column ticss-f6fc7494 is-layout-flow wp-block-column-is-layout-flow\">\n<div class=\"wp-block-group has-nv-site-bg-background-color has-background is-layout-flow wp-block-group-is-layout-flow\"><div class=\"wp-block-group__inner-container\">\n<div style=\"height:var(--wp--preset--spacing--30)\" aria-hidden=\"true\" class=\"wp-block-spacer\"><\/div>\n\n\n<div class=\"wp-block-image icon-style is-style-default\">\n<figure class=\"aligncenter size-large\"><img decoding=\"async\" width=\"65\" height=\"65\" src=\"https:\/\/thorhabitatrenov.fr\/wp-content\/uploads\/2021\/06\/email-sm.png\" alt=\"Email Thor Habitat Renov\" class=\"wp-image-306\"\/><\/figure><\/div>\n\n\n<div style=\"height:24px\" aria-hidden=\"true\" class=\"wp-block-spacer\"><\/div>\n\n\n\n<h3 class=\"wp-block-heading has-text-align-center has-neve-text-color-color has-text-color\">Email<\/h3>\n\n\n\n<p class=\"has-text-align-center has-neve-text-color-color has-text-color\" style=\"font-size:15px\"><a href=\"mailto:thorhabitatrenov@hotmail.com\">thorhabitatrenov@hotmail.com<\/a><\/p>\n\n\n\n<div style=\"height:26px\" aria-hidden=\"true\" class=\"wp-block-spacer\"><\/div>\n<\/div><\/div>\n<\/div>\n\n\n\n<div class=\"wp-block-column ticss-a5b4df29 is-layout-flow wp-block-column-is-layout-flow\">\n<div class=\"wp-block-group has-nv-site-bg-background-color has-background is-layout-flow wp-block-group-is-layout-flow\"><div class=\"wp-block-group__inner-container\">\n<div style=\"height:var(--wp--preset--spacing--30)\" aria-hidden=\"true\" class=\"wp-block-spacer\"><\/div>\n\n\n<div class=\"wp-block-image icon-style is-style-default\">\n<figure class=\"aligncenter size-large\"><img decoding=\"async\" width=\"49\" height=\"65\" src=\"https:\/\/thorhabitatrenov.fr\/wp-content\/uploads\/2021\/06\/location-sm.png\" alt=\"Secteur Thor Habitat Renov\" class=\"wp-image-305\"\/><\/figure><\/div>\n\n\n<div style=\"height:24px\" aria-hidden=\"true\" class=\"wp-block-spacer\"><\/div>\n\n\n\n<h3 class=\"wp-block-heading has-text-align-center has-neve-text-color-color has-text-color\">Secteur<\/h3>\n\n\n\n<p class=\"has-text-align-center has-neve-text-color-color has-text-color\" style=\"font-size:15px\">Bassin d&#8217;Arcachon \/ Nord des Landes \/ CUB Rive Gauche<\/p>\n\n\n\n<div style=\"height:26px\" aria-hidden=\"true\" class=\"wp-block-spacer\"><\/div>\n<\/div><\/div>\n<\/div>\n<\/div>\n\n\n\n<div style=\"height:30px\" aria-hidden=\"true\" class=\"wp-block-spacer\"><\/div>\n<\/div><\/div>\n\n\n\n<div class=\"wp-block-cover alignfull\" style=\"min-height:600px\"><span aria-hidden=\"true\" class=\"wp-block-cover__background has-neve-text-color-background-color has-background-dim-100 has-background-dim\"><\/span><div class=\"wp-block-cover__inner-container is-layout-flow wp-block-cover-is-layout-flow\">\n<div class=\"wp-block-group is-layout-flow wp-block-group-is-layout-flow\"><div class=\"wp-block-group__inner-container\">\n<div style=\"height:80px\" aria-hidden=\"true\" class=\"wp-block-spacer\"><\/div>\n\n\n\n<div class=\"wp-block-columns is-layout-flex wp-container-core-columns-layout-2 wp-block-columns-is-layout-flex\">\n<div class=\"wp-block-column is-layout-flow wp-block-column-is-layout-flow\" style=\"flex-basis:50%\">\n<h2 class=\"wp-block-heading has-nv-text-dark-bg-color has-text-color\">Ecrivez-moi<\/h2>\n\n\n\n<p class=\"has-white-color has-text-color\"><a href=\"mailto:thorhabitatrenov@hotmail.com\">Envoyez-moi un email<\/a>, en d\u00e9crivant votre projet, je vous recontacterai au plus vite. Vous pouvez \u00e9galement me contacter par WhatsApp et Facebook.<\/p>\n\n\n\n<ul class=\"wp-block-social-links has-normal-icon-size is-style-pill-shape is-layout-flex wp-block-social-links-is-layout-flex\"><li class=\"wp-social-link wp-social-link-whatsapp  wp-block-social-link\"><a href=\"https:\/\/api.whatsapp.com\/send?phone=33627961759\" class=\"wp-block-social-link-anchor\"><svg width=\"24\" height=\"24\" viewBox=\"0 0 24 24\" version=\"1.1\" xmlns=\"http:\/\/www.w3.org\/2000\/svg\" aria-hidden=\"true\" focusable=\"false\"><path d=\"M 12.011719 2 C 6.5057187 2 2.0234844 6.478375 2.0214844 11.984375 C 2.0204844 13.744375 2.4814687 15.462563 3.3554688 16.976562 L 2 22 L 7.2324219 20.763672 C 8.6914219 21.559672 10.333859 21.977516 12.005859 21.978516 L 12.009766 21.978516 C 17.514766 21.978516 21.995047 17.499141 21.998047 11.994141 C 22.000047 9.3251406 20.962172 6.8157344 19.076172 4.9277344 C 17.190172 3.0407344 14.683719 2.001 12.011719 2 z M 12.009766 4 C 14.145766 4.001 16.153109 4.8337969 17.662109 6.3417969 C 19.171109 7.8517969 20.000047 9.8581875 19.998047 11.992188 C 19.996047 16.396187 16.413812 19.978516 12.007812 19.978516 C 10.674812 19.977516 9.3544062 19.642812 8.1914062 19.007812 L 7.5175781 18.640625 L 6.7734375 18.816406 L 4.8046875 19.28125 L 5.2851562 17.496094 L 5.5019531 16.695312 L 5.0878906 15.976562 C 4.3898906 14.768562 4.0204844 13.387375 4.0214844 11.984375 C 4.0234844 7.582375 7.6067656 4 12.009766 4 z M 8.4765625 7.375 C 8.3095625 7.375 8.0395469 7.4375 7.8105469 7.6875 C 7.5815469 7.9365 6.9355469 8.5395781 6.9355469 9.7675781 C 6.9355469 10.995578 7.8300781 12.182609 7.9550781 12.349609 C 8.0790781 12.515609 9.68175 15.115234 12.21875 16.115234 C 14.32675 16.946234 14.754891 16.782234 15.212891 16.740234 C 15.670891 16.699234 16.690438 16.137687 16.898438 15.554688 C 17.106437 14.971687 17.106922 14.470187 17.044922 14.367188 C 16.982922 14.263188 16.816406 14.201172 16.566406 14.076172 C 16.317406 13.951172 15.090328 13.348625 14.861328 13.265625 C 14.632328 13.182625 14.464828 13.140625 14.298828 13.390625 C 14.132828 13.640625 13.655766 14.201187 13.509766 14.367188 C 13.363766 14.534188 13.21875 14.556641 12.96875 14.431641 C 12.71875 14.305641 11.914938 14.041406 10.960938 13.191406 C 10.218937 12.530406 9.7182656 11.714844 9.5722656 11.464844 C 9.4272656 11.215844 9.5585938 11.079078 9.6835938 10.955078 C 9.7955938 10.843078 9.9316406 10.663578 10.056641 10.517578 C 10.180641 10.371578 10.223641 10.267562 10.306641 10.101562 C 10.389641 9.9355625 10.347156 9.7890625 10.285156 9.6640625 C 10.223156 9.5390625 9.737625 8.3065 9.515625 7.8125 C 9.328625 7.3975 9.131125 7.3878594 8.953125 7.3808594 C 8.808125 7.3748594 8.6425625 7.375 8.4765625 7.375 z\"><\/path><\/svg><span class=\"wp-block-social-link-label screen-reader-text\">WhatsApp<\/span><\/a><\/li>\n\n<li class=\"wp-social-link wp-social-link-facebook  wp-block-social-link\"><a href=\"https:\/\/www.facebook.com\/profile.php?id=100090367429702&#038;locale=hi_IN&#038;paipv=0&#038;eav=AfaJTfxCtS8OWH53oGQ0WkMQHhDoUqPEA9tq_huYqJQrd8CBl5H4kwWXZWf1Vkgkvrw\" class=\"wp-block-social-link-anchor\"><svg width=\"24\" height=\"24\" viewBox=\"0 0 24 24\" version=\"1.1\" xmlns=\"http:\/\/www.w3.org\/2000\/svg\" aria-hidden=\"true\" focusable=\"false\"><path d=\"M12 2C6.5 2 2 6.5 2 12c0 5 3.7 9.1 8.4 9.9v-7H7.9V12h2.5V9.8c0-2.5 1.5-3.9 3.8-3.9 1.1 0 2.2.2 2.2.2v2.5h-1.3c-1.2 0-1.6.8-1.6 1.6V12h2.8l-.4 2.9h-2.3v7C18.3 21.1 22 17 22 12c0-5.5-4.5-10-10-10z\"><\/path><\/svg><span class=\"wp-block-social-link-label screen-reader-text\">Facebook<\/span><\/a><\/li><\/ul>\n\n\n\n<p style=\"font-size:13px\">Secteur g\u00e9ographique :<br><em>Bassin d&#8217;Arcachon : Biganos, Audenge, Andernos-les-Bains, Mios, Salles, Marcheprime, Gujan-Mestras, La Teste-de-Buch, Arcachon, L\u00e8ge-Cap-Ferret, Le Barp, Belin-B\u00e9liet&#8230;<br>CUB et alentours rive gauche : Cestas, Can\u00e9jan, Pessac, M\u00e9rignac, Saint-Jean-d&#8217;Illac, Martignas-sur-Jalle,&#8230;<\/em><br><em>Nord des Landes : Sanguinet, Parentis-en-Born, Ychoux, Labouheyre, Pissos, Mimizan,&#8230;<\/em><br><br>Contactez-moi pour savoir si mes artisans et moi-m\u00eame couvrons votre localisation.<\/p>\n<\/div>\n\n\n\n<div class=\"wp-block-column is-vertically-aligned-center is-layout-flow wp-block-column-is-layout-flow\" style=\"flex-basis:50%\"><\/div>\n<\/div>\n\n\n\n<div style=\"height:40px\" aria-hidden=\"true\" class=\"wp-block-spacer\"><\/div>\n<\/div><\/div>\n<\/div><\/div>\n","protected":false},"excerpt":{"rendered":"","protected":false},"author":1,"featured_media":0,"parent":0,"menu_order":0,"comment_status":"closed","ping_status":"closed","template":"","meta":{"om_disable_all_campaigns":false,"_monsterinsights_skip_tracking":false,"_monsterinsights_sitenote_active":false,"_monsterinsights_sitenote_note":"","_monsterinsights_sitenote_category":0,"neve_meta_sidebar":"default","neve_meta_container":"","neve_meta_enable_content_width":"on","neve_meta_content_width":100,"neve_meta_title_alignment":"","neve_meta_author_avatar":"","neve_post_elements_order":"","neve_meta_disable_header":"","neve_meta_disable_footer":"","neve_meta_disable_title":"on","_themeisle_gutenberg_block_has_review":false,"_ti_tpc_template_sync":false,"_ti_tpc_template_id":"re55dar6wrbbpp35jwhf","footnotes":""},"yoast_head":"<!-- This site is optimized with the Yoast SEO plugin v23.4 - https:\/\/yoast.com\/wordpress\/plugins\/seo\/ -->\n<title>Contacter THOR Habitat Renov pour vos travaux de r\u00e9novation et d&#039;agrandissement<\/title>\n<meta name=\"description\" content=\"Donnons vie \u00e0 vos envies ! Pour vos travaux de r\u00e9novation et d&#039;extension, contactez-moi. Par t\u00e9l\u00e9phone, mail, ou via le formulaire de contact.\" \/>\n<meta name=\"robots\" content=\"index, follow, max-snippet:-1, max-image-preview:large, max-video-preview:-1\" \/>\n<link rel=\"canonical\" href=\"https:\/\/thorhabitatrenov.fr\/index.php\/me-contacter\/\" \/>\n<meta property=\"og:locale\" content=\"en_US\" \/>\n<meta property=\"og:type\" content=\"article\" \/>\n<meta property=\"og:title\" content=\"Contacter THOR Habitat Renov pour vos travaux de r\u00e9novation et d&#039;agrandissement\" \/>\n<meta property=\"og:description\" content=\"Donnons vie \u00e0 vos envies ! Pour vos travaux de r\u00e9novation et d&#039;extension, contactez-moi. Par t\u00e9l\u00e9phone, mail, ou via le formulaire de contact.\" \/>\n<meta property=\"og:url\" content=\"https:\/\/thorhabitatrenov.fr\/index.php\/me-contacter\/\" \/>\n<meta property=\"og:site_name\" content=\"THOR HABITAT RENOV\" \/>\n<meta property=\"article:publisher\" content=\"https:\/\/www.facebook.com\/profile.php?id=100090367429702&amp;locale=hi_IN&amp;paipv=0&amp;eav=AfaJTfxCtS8OWH53oGQ0WkMQHhDoUqPEA9tq_huYqJQrd8CBl5H4kwWXZWf1Vkgkvrw\" \/>\n<meta property=\"article:modified_time\" content=\"2026-02-03T10:25:11+00:00\" \/>\n<meta property=\"og:image\" content=\"http:\/\/thorhabitatrenov.fr\/wp-content\/uploads\/2021\/06\/phone-sm.png\" \/>\n<meta name=\"twitter:card\" content=\"summary_large_image\" \/>\n<meta name=\"twitter:label1\" content=\"Est. reading time\" \/>\n\t<meta name=\"twitter:data1\" content=\"2 minutes\" \/>\n<script type=\"application\/ld+json\" class=\"yoast-schema-graph\">{\"@context\":\"https:\/\/schema.org\",\"@graph\":[{\"@type\":[\"WebPage\",\"ContactPage\"],\"@id\":\"https:\/\/thorhabitatrenov.fr\/index.php\/me-contacter\/\",\"url\":\"https:\/\/thorhabitatrenov.fr\/index.php\/me-contacter\/\",\"name\":\"Contacter THOR Habitat Renov pour vos travaux de r\u00e9novation et d'agrandissement\",\"isPartOf\":{\"@id\":\"https:\/\/thorhabitatrenov.fr\/#website\"},\"primaryImageOfPage\":{\"@id\":\"https:\/\/thorhabitatrenov.fr\/index.php\/me-contacter\/#primaryimage\"},\"image\":{\"@id\":\"https:\/\/thorhabitatrenov.fr\/index.php\/me-contacter\/#primaryimage\"},\"thumbnailUrl\":\"http:\/\/thorhabitatrenov.fr\/wp-content\/uploads\/2021\/06\/phone-sm.png\",\"datePublished\":\"2023-12-08T18:00:32+00:00\",\"dateModified\":\"2026-02-03T10:25:11+00:00\",\"description\":\"Donnons vie \u00e0 vos envies ! Pour vos travaux de r\u00e9novation et d'extension, contactez-moi. Par t\u00e9l\u00e9phone, mail, ou via le formulaire de contact.\",\"breadcrumb\":{\"@id\":\"https:\/\/thorhabitatrenov.fr\/index.php\/me-contacter\/#breadcrumb\"},\"inLanguage\":\"en-US\",\"potentialAction\":[{\"@type\":\"ReadAction\",\"target\":[\"https:\/\/thorhabitatrenov.fr\/index.php\/me-contacter\/\"]}]},{\"@type\":\"ImageObject\",\"inLanguage\":\"en-US\",\"@id\":\"https:\/\/thorhabitatrenov.fr\/index.php\/me-contacter\/#primaryimage\",\"url\":\"http:\/\/thorhabitatrenov.fr\/wp-content\/uploads\/2021\/06\/phone-sm.png\",\"contentUrl\":\"http:\/\/thorhabitatrenov.fr\/wp-content\/uploads\/2021\/06\/phone-sm.png\"},{\"@type\":\"BreadcrumbList\",\"@id\":\"https:\/\/thorhabitatrenov.fr\/index.php\/me-contacter\/#breadcrumb\",\"itemListElement\":[{\"@type\":\"ListItem\",\"position\":1,\"name\":\"Accueil\",\"item\":\"https:\/\/thorhabitatrenov.fr\/\"},{\"@type\":\"ListItem\",\"position\":2,\"name\":\"Me contacter\"}]},{\"@type\":\"WebSite\",\"@id\":\"https:\/\/thorhabitatrenov.fr\/#website\",\"url\":\"https:\/\/thorhabitatrenov.fr\/\",\"name\":\"THOR HABITAT RENOV\",\"description\":\"\",\"publisher\":{\"@id\":\"https:\/\/thorhabitatrenov.fr\/#organization\"},\"potentialAction\":[{\"@type\":\"SearchAction\",\"target\":{\"@type\":\"EntryPoint\",\"urlTemplate\":\"https:\/\/thorhabitatrenov.fr\/?s={search_term_string}\"},\"query-input\":{\"@type\":\"PropertyValueSpecification\",\"valueRequired\":true,\"valueName\":\"search_term_string\"}}],\"inLanguage\":\"en-US\"},{\"@type\":\"Organization\",\"@id\":\"https:\/\/thorhabitatrenov.fr\/#organization\",\"name\":\"THOR HABITAT RENOV\",\"url\":\"https:\/\/thorhabitatrenov.fr\/\",\"logo\":{\"@type\":\"ImageObject\",\"inLanguage\":\"en-US\",\"@id\":\"https:\/\/thorhabitatrenov.fr\/#\/schema\/logo\/image\/\",\"url\":\"https:\/\/thorhabitatrenov.fr\/wp-content\/uploads\/2023\/12\/LOGO.png\",\"contentUrl\":\"https:\/\/thorhabitatrenov.fr\/wp-content\/uploads\/2023\/12\/LOGO.png\",\"width\":2000,\"height\":2000,\"caption\":\"THOR HABITAT RENOV\"},\"image\":{\"@id\":\"https:\/\/thorhabitatrenov.fr\/#\/schema\/logo\/image\/\"},\"sameAs\":[\"https:\/\/www.facebook.com\/profile.php?id=100090367429702&locale=hi_IN&paipv=0&eav=AfaJTfxCtS8OWH53oGQ0WkMQHhDoUqPEA9tq_huYqJQrd8CBl5H4kwWXZWf1Vkgkvrw\"]}]}<\/script>\n<!-- \/ Yoast SEO plugin. -->","yoast_head_json":{"title":"Contacter THOR Habitat Renov pour vos travaux de r\u00e9novation et d'agrandissement","description":"Donnons vie \u00e0 vos envies ! Pour vos travaux de r\u00e9novation et d'extension, contactez-moi. Par t\u00e9l\u00e9phone, mail, ou via le formulaire de contact.","robots":{"index":"index","follow":"follow","max-snippet":"max-snippet:-1","max-image-preview":"max-image-preview:large","max-video-preview":"max-video-preview:-1"},"canonical":"https:\/\/thorhabitatrenov.fr\/index.php\/me-contacter\/","og_locale":"en_US","og_type":"article","og_title":"Contacter THOR Habitat Renov pour vos travaux de r\u00e9novation et d'agrandissement","og_description":"Donnons vie \u00e0 vos envies ! Pour vos travaux de r\u00e9novation et d'extension, contactez-moi. Par t\u00e9l\u00e9phone, mail, ou via le formulaire de contact.","og_url":"https:\/\/thorhabitatrenov.fr\/index.php\/me-contacter\/","og_site_name":"THOR HABITAT RENOV","article_publisher":"https:\/\/www.facebook.com\/profile.php?id=100090367429702&locale=hi_IN&paipv=0&eav=AfaJTfxCtS8OWH53oGQ0WkMQHhDoUqPEA9tq_huYqJQrd8CBl5H4kwWXZWf1Vkgkvrw","article_modified_time":"2026-02-03T10:25:11+00:00","og_image":[{"url":"http:\/\/thorhabitatrenov.fr\/wp-content\/uploads\/2021\/06\/phone-sm.png"}],"twitter_card":"summary_large_image","twitter_misc":{"Est. reading time":"2 minutes"},"schema":{"@context":"https:\/\/schema.org","@graph":[{"@type":["WebPage","ContactPage"],"@id":"https:\/\/thorhabitatrenov.fr\/index.php\/me-contacter\/","url":"https:\/\/thorhabitatrenov.fr\/index.php\/me-contacter\/","name":"Contacter THOR Habitat Renov pour vos travaux de r\u00e9novation et d'agrandissement","isPartOf":{"@id":"https:\/\/thorhabitatrenov.fr\/#website"},"primaryImageOfPage":{"@id":"https:\/\/thorhabitatrenov.fr\/index.php\/me-contacter\/#primaryimage"},"image":{"@id":"https:\/\/thorhabitatrenov.fr\/index.php\/me-contacter\/#primaryimage"},"thumbnailUrl":"http:\/\/thorhabitatrenov.fr\/wp-content\/uploads\/2021\/06\/phone-sm.png","datePublished":"2023-12-08T18:00:32+00:00","dateModified":"2026-02-03T10:25:11+00:00","description":"Donnons vie \u00e0 vos envies ! Pour vos travaux de r\u00e9novation et d'extension, contactez-moi. Par t\u00e9l\u00e9phone, mail, ou via le formulaire de contact.","breadcrumb":{"@id":"https:\/\/thorhabitatrenov.fr\/index.php\/me-contacter\/#breadcrumb"},"inLanguage":"en-US","potentialAction":[{"@type":"ReadAction","target":["https:\/\/thorhabitatrenov.fr\/index.php\/me-contacter\/"]}]},{"@type":"ImageObject","inLanguage":"en-US","@id":"https:\/\/thorhabitatrenov.fr\/index.php\/me-contacter\/#primaryimage","url":"http:\/\/thorhabitatrenov.fr\/wp-content\/uploads\/2021\/06\/phone-sm.png","contentUrl":"http:\/\/thorhabitatrenov.fr\/wp-content\/uploads\/2021\/06\/phone-sm.png"},{"@type":"BreadcrumbList","@id":"https:\/\/thorhabitatrenov.fr\/index.php\/me-contacter\/#breadcrumb","itemListElement":[{"@type":"ListItem","position":1,"name":"Accueil","item":"https:\/\/thorhabitatrenov.fr\/"},{"@type":"ListItem","position":2,"name":"Me contacter"}]},{"@type":"WebSite","@id":"https:\/\/thorhabitatrenov.fr\/#website","url":"https:\/\/thorhabitatrenov.fr\/","name":"THOR HABITAT RENOV","description":"","publisher":{"@id":"https:\/\/thorhabitatrenov.fr\/#organization"},"potentialAction":[{"@type":"SearchAction","target":{"@type":"EntryPoint","urlTemplate":"https:\/\/thorhabitatrenov.fr\/?s={search_term_string}"},"query-input":{"@type":"PropertyValueSpecification","valueRequired":true,"valueName":"search_term_string"}}],"inLanguage":"en-US"},{"@type":"Organization","@id":"https:\/\/thorhabitatrenov.fr\/#organization","name":"THOR HABITAT RENOV","url":"https:\/\/thorhabitatrenov.fr\/","logo":{"@type":"ImageObject","inLanguage":"en-US","@id":"https:\/\/thorhabitatrenov.fr\/#\/schema\/logo\/image\/","url":"https:\/\/thorhabitatrenov.fr\/wp-content\/uploads\/2023\/12\/LOGO.png","contentUrl":"https:\/\/thorhabitatrenov.fr\/wp-content\/uploads\/2023\/12\/LOGO.png","width":2000,"height":2000,"caption":"THOR HABITAT RENOV"},"image":{"@id":"https:\/\/thorhabitatrenov.fr\/#\/schema\/logo\/image\/"},"sameAs":["https:\/\/www.facebook.com\/profile.php?id=100090367429702&locale=hi_IN&paipv=0&eav=AfaJTfxCtS8OWH53oGQ0WkMQHhDoUqPEA9tq_huYqJQrd8CBl5H4kwWXZWf1Vkgkvrw"]}]}},"_links":{"self":[{"href":"https:\/\/thorhabitatrenov.fr\/index.php\/wp-json\/wp\/v2\/pages\/75"}],"collection":[{"href":"https:\/\/thorhabitatrenov.fr\/index.php\/wp-json\/wp\/v2\/pages"}],"about":[{"href":"https:\/\/thorhabitatrenov.fr\/index.php\/wp-json\/wp\/v2\/types\/page"}],"author":[{"embeddable":true,"href":"https:\/\/thorhabitatrenov.fr\/index.php\/wp-json\/wp\/v2\/users\/1"}],"replies":[{"embeddable":true,"href":"https:\/\/thorhabitatrenov.fr\/index.php\/wp-json\/wp\/v2\/comments?post=75"}],"version-history":[{"count":25,"href":"https:\/\/thorhabitatrenov.fr\/index.php\/wp-json\/wp\/v2\/pages\/75\/revisions"}],"predecessor-version":[{"id":1124,"href":"https:\/\/thorhabitatrenov.fr\/index.php\/wp-json\/wp\/v2\/pages\/75\/revisions\/1124"}],"wp:attachment":[{"href":"https:\/\/thorhabitatrenov.fr\/index.php\/wp-json\/wp\/v2\/media?parent=75"}],"curies":[{"name":"wp","href":"https:\/\/api.w.org\/{rel}","templated":true}]}}