{"id":524,"date":"2024-01-05T17:29:10","date_gmt":"2024-01-05T16:29:10","guid":{"rendered":"https:\/\/thorhabitatrenov.fr\/?page_id=524"},"modified":"2026-02-03T11:22:49","modified_gmt":"2026-02-03T10:22:49","slug":"travaux-second-oeuvre","status":"publish","type":"page","link":"https:\/\/thorhabitatrenov.fr\/index.php\/travaux-second-oeuvre\/","title":{"rendered":"Travaux de Second \u0152uvre"},"content":{"rendered":"\n<div class=\"wp-block-cover alignfull is-light\"><span aria-hidden=\"true\" class=\"wp-block-cover__background has-background-dim-10 has-background-dim\"><\/span><img fetchpriority=\"high\" decoding=\"async\" width=\"2560\" height=\"1920\" class=\"wp-block-cover__image-background wp-image-525\" alt=\"Visite pr\u00e9-achat maison devis travaux r\u00e9novation chiffrage Biganos Audenge Mios Marcheprime Le Teich Salles Gujan Arcachon\" src=\"https:\/\/thorhabitatrenov.fr\/wp-content\/uploads\/2024\/01\/pexels-niki-nagy-1694429-scaled.jpg\" style=\"object-position:42% 68%\" data-object-fit=\"cover\" data-object-position=\"42% 68%\" srcset=\"https:\/\/thorhabitatrenov.fr\/wp-content\/uploads\/2024\/01\/pexels-niki-nagy-1694429-scaled.jpg 2560w, https:\/\/thorhabitatrenov.fr\/wp-content\/uploads\/2024\/01\/pexels-niki-nagy-1694429-300x225.jpg 300w, https:\/\/thorhabitatrenov.fr\/wp-content\/uploads\/2024\/01\/pexels-niki-nagy-1694429-1024x768.jpg 1024w, https:\/\/thorhabitatrenov.fr\/wp-content\/uploads\/2024\/01\/pexels-niki-nagy-1694429-768x576.jpg 768w, https:\/\/thorhabitatrenov.fr\/wp-content\/uploads\/2024\/01\/pexels-niki-nagy-1694429-1536x1152.jpg 1536w, https:\/\/thorhabitatrenov.fr\/wp-content\/uploads\/2024\/01\/pexels-niki-nagy-1694429-2048x1536.jpg 2048w\" sizes=\"(max-width: 2560px) 100vw, 2560px\" \/><div class=\"wp-block-cover__inner-container is-layout-constrained wp-block-cover-is-layout-constrained\">\n<h1 class=\"wp-block-heading alignfull has-text-align-center has-nv-site-bg-color has-text-color has-background has-link-color wp-elements-52c9b85adb67c400e482b5fa23eb4e4c\" style=\"background-color:#2b2b2b38;padding-top:0;padding-right:0;padding-bottom:0;padding-left:0;font-size:70px\">Travaux de Second \u0152uvre<\/h1>\n<\/div><\/div>\n\n\n\n<div class=\"wp-block-cover aligncenter\" style=\"min-height:322px\"><span aria-hidden=\"true\" class=\"wp-block-cover__background has-nv-site-bg-background-color has-background-dim-100 has-background-dim\"><\/span><div class=\"wp-block-cover__inner-container is-layout-constrained wp-block-cover-is-layout-constrained\">\n<p class=\"has-text-align-center has-neve-text-color-color has-text-color has-link-color wp-elements-140e125933d847a77e3166a2808cc92e\">Ma mission est de donner vie \u00e0 vos id\u00e9es, sur vos murs comme sur vos sols, en garantissant le respect des bonnes pratiques de construction.<\/p>\n\n\n\n<p class=\"has-text-align-center has-neve-text-color-color has-text-color has-link-color wp-elements-039bc11d3431167efaa111686defa8a7\" style=\"padding-top:0;padding-bottom:0\">Travailler avec moi, c\u2019est former ensemble une v\u00e9ritable \u00e9quipe :<br>je mets \u00e0 votre service\u00a0mon <strong>exp\u00e9rience<\/strong>, mon <strong>savoir-faire<\/strong> et mon exigence de <strong>qualit\u00e9<\/strong>, tandis que vous apportez\u00a0votre <strong>vision<\/strong> et vos <strong>envies<\/strong>\u00a0pour cr\u00e9er un espace qui vous ressemble. Je vous accompagne \u00e0 chaque \u00e9tape de votre projet, du conseil \u00e0 la mise en \u0153uvre, avec un souci constant de <strong>durabilit\u00e9 <\/strong>et de finitions <strong>soign\u00e9es<\/strong>.<\/p>\n\n\n\n<p class=\"has-text-align-center has-neve-text-color-color has-text-color has-link-color wp-elements-0499bb09e8f5b17483068763b95e9ae2\">Artisan assur\u00e9, je dispose d\u2019une\u00a0<strong>garantie d\u00e9cennale<\/strong>, v\u00e9rifiable \u00e0 tout moment aupr\u00e8s de mon assureur. Vous pouvez ainsi avancer\u00a0en toute<strong> confiance<\/strong>.<\/p>\n\n\n\n<p class=\"has-text-align-center has-neve-text-color-color has-text-color has-link-color wp-elements-7cbd8d66d86e7e71ac6fccc496983461\">Votre seule pr\u00e9occupation ?\u00a0La validation des mat\u00e9riaux\u00a0qui sublimeront votre future habitation.<\/p>\n\n\n\n<div class=\"wp-block-buttons is-content-justification-center is-layout-flex wp-container-core-buttons-layout-1 wp-block-buttons-is-layout-flex\">\n<div class=\"wp-block-button is-style-primary\"><a class=\"wp-block-button__link wp-element-button\" href=\"https:\/\/thorhabitatrenov.fr\/index.php\/me-contacter\/\">Me contacter<\/a><\/div>\n<\/div>\n<\/div><\/div>\n","protected":false},"excerpt":{"rendered":"","protected":false},"author":1,"featured_media":0,"parent":0,"menu_order":0,"comment_status":"closed","ping_status":"closed","template":"","meta":{"om_disable_all_campaigns":false,"_monsterinsights_skip_tracking":false,"_monsterinsights_sitenote_active":false,"_monsterinsights_sitenote_note":"","_monsterinsights_sitenote_category":0,"neve_meta_sidebar":"","neve_meta_container":"","neve_meta_enable_content_width":"","neve_meta_content_width":0,"neve_meta_title_alignment":"","neve_meta_author_avatar":"","neve_post_elements_order":"","neve_meta_disable_header":"","neve_meta_disable_footer":"","neve_meta_disable_title":"","_themeisle_gutenberg_block_has_review":false,"_ti_tpc_template_sync":false,"_ti_tpc_template_id":"","footnotes":""},"yoast_head":"<!-- This site is optimized with the Yoast SEO plugin v23.4 - https:\/\/yoast.com\/wordpress\/plugins\/seo\/ -->\n<title>Travaux de Second \u0152uvre - THOR HABITAT RENOV<\/title>\n<meta name=\"description\" content=\"Je vous apporte mon expertise travaux pour la r\u00e9novation de votre future maison. Bassin d&#039;Arcachon et ses alentours (Biganos, Gironde 33)\" \/>\n<meta name=\"robots\" content=\"index, follow, max-snippet:-1, max-image-preview:large, max-video-preview:-1\" \/>\n<link rel=\"canonical\" href=\"https:\/\/thorhabitatrenov.fr\/index.php\/travaux-second-oeuvre\/\" \/>\n<meta property=\"og:locale\" content=\"en_US\" \/>\n<meta property=\"og:type\" content=\"article\" \/>\n<meta property=\"og:title\" content=\"Travaux de Second \u0152uvre - THOR HABITAT RENOV\" \/>\n<meta property=\"og:description\" content=\"Je vous apporte mon expertise travaux pour la r\u00e9novation de votre future maison. Bassin d&#039;Arcachon et ses alentours (Biganos, Gironde 33)\" \/>\n<meta property=\"og:url\" content=\"https:\/\/thorhabitatrenov.fr\/index.php\/travaux-second-oeuvre\/\" \/>\n<meta property=\"og:site_name\" content=\"THOR HABITAT RENOV\" \/>\n<meta property=\"article:publisher\" content=\"https:\/\/www.facebook.com\/profile.php?id=100090367429702&amp;locale=hi_IN&amp;paipv=0&amp;eav=AfaJTfxCtS8OWH53oGQ0WkMQHhDoUqPEA9tq_huYqJQrd8CBl5H4kwWXZWf1Vkgkvrw\" \/>\n<meta property=\"article:modified_time\" content=\"2026-02-03T10:22:49+00:00\" \/>\n<meta property=\"og:image\" content=\"https:\/\/thorhabitatrenov.fr\/wp-content\/uploads\/2024\/01\/pexels-niki-nagy-1694429-scaled.jpg\" \/>\n<meta name=\"twitter:card\" content=\"summary_large_image\" \/>\n<meta name=\"twitter:label1\" content=\"Est. reading time\" \/>\n\t<meta name=\"twitter:data1\" content=\"1 minute\" \/>\n<script type=\"application\/ld+json\" class=\"yoast-schema-graph\">{\"@context\":\"https:\/\/schema.org\",\"@graph\":[{\"@type\":\"WebPage\",\"@id\":\"https:\/\/thorhabitatrenov.fr\/index.php\/travaux-second-oeuvre\/\",\"url\":\"https:\/\/thorhabitatrenov.fr\/index.php\/travaux-second-oeuvre\/\",\"name\":\"Travaux de Second \u0152uvre - THOR HABITAT RENOV\",\"isPartOf\":{\"@id\":\"https:\/\/thorhabitatrenov.fr\/#website\"},\"primaryImageOfPage\":{\"@id\":\"https:\/\/thorhabitatrenov.fr\/index.php\/travaux-second-oeuvre\/#primaryimage\"},\"image\":{\"@id\":\"https:\/\/thorhabitatrenov.fr\/index.php\/travaux-second-oeuvre\/#primaryimage\"},\"thumbnailUrl\":\"https:\/\/thorhabitatrenov.fr\/wp-content\/uploads\/2024\/01\/pexels-niki-nagy-1694429-scaled.jpg\",\"datePublished\":\"2024-01-05T16:29:10+00:00\",\"dateModified\":\"2026-02-03T10:22:49+00:00\",\"description\":\"Je vous apporte mon expertise travaux pour la r\u00e9novation de votre future maison. Bassin d'Arcachon et ses alentours (Biganos, Gironde 33)\",\"breadcrumb\":{\"@id\":\"https:\/\/thorhabitatrenov.fr\/index.php\/travaux-second-oeuvre\/#breadcrumb\"},\"inLanguage\":\"en-US\",\"potentialAction\":[{\"@type\":\"ReadAction\",\"target\":[\"https:\/\/thorhabitatrenov.fr\/index.php\/travaux-second-oeuvre\/\"]}]},{\"@type\":\"ImageObject\",\"inLanguage\":\"en-US\",\"@id\":\"https:\/\/thorhabitatrenov.fr\/index.php\/travaux-second-oeuvre\/#primaryimage\",\"url\":\"https:\/\/thorhabitatrenov.fr\/wp-content\/uploads\/2024\/01\/pexels-niki-nagy-1694429-scaled.jpg\",\"contentUrl\":\"https:\/\/thorhabitatrenov.fr\/wp-content\/uploads\/2024\/01\/pexels-niki-nagy-1694429-scaled.jpg\",\"width\":2560,\"height\":1920},{\"@type\":\"BreadcrumbList\",\"@id\":\"https:\/\/thorhabitatrenov.fr\/index.php\/travaux-second-oeuvre\/#breadcrumb\",\"itemListElement\":[{\"@type\":\"ListItem\",\"position\":1,\"name\":\"Accueil\",\"item\":\"https:\/\/thorhabitatrenov.fr\/\"},{\"@type\":\"ListItem\",\"position\":2,\"name\":\"Travaux de Second \u0152uvre\"}]},{\"@type\":\"WebSite\",\"@id\":\"https:\/\/thorhabitatrenov.fr\/#website\",\"url\":\"https:\/\/thorhabitatrenov.fr\/\",\"name\":\"THOR HABITAT RENOV\",\"description\":\"\",\"publisher\":{\"@id\":\"https:\/\/thorhabitatrenov.fr\/#organization\"},\"potentialAction\":[{\"@type\":\"SearchAction\",\"target\":{\"@type\":\"EntryPoint\",\"urlTemplate\":\"https:\/\/thorhabitatrenov.fr\/?s={search_term_string}\"},\"query-input\":{\"@type\":\"PropertyValueSpecification\",\"valueRequired\":true,\"valueName\":\"search_term_string\"}}],\"inLanguage\":\"en-US\"},{\"@type\":\"Organization\",\"@id\":\"https:\/\/thorhabitatrenov.fr\/#organization\",\"name\":\"THOR HABITAT RENOV\",\"url\":\"https:\/\/thorhabitatrenov.fr\/\",\"logo\":{\"@type\":\"ImageObject\",\"inLanguage\":\"en-US\",\"@id\":\"https:\/\/thorhabitatrenov.fr\/#\/schema\/logo\/image\/\",\"url\":\"https:\/\/thorhabitatrenov.fr\/wp-content\/uploads\/2023\/12\/LOGO.png\",\"contentUrl\":\"https:\/\/thorhabitatrenov.fr\/wp-content\/uploads\/2023\/12\/LOGO.png\",\"width\":2000,\"height\":2000,\"caption\":\"THOR HABITAT RENOV\"},\"image\":{\"@id\":\"https:\/\/thorhabitatrenov.fr\/#\/schema\/logo\/image\/\"},\"sameAs\":[\"https:\/\/www.facebook.com\/profile.php?id=100090367429702&locale=hi_IN&paipv=0&eav=AfaJTfxCtS8OWH53oGQ0WkMQHhDoUqPEA9tq_huYqJQrd8CBl5H4kwWXZWf1Vkgkvrw\"]}]}<\/script>\n<!-- \/ Yoast SEO plugin. -->","yoast_head_json":{"title":"Travaux de Second \u0152uvre - THOR HABITAT RENOV","description":"Je vous apporte mon expertise travaux pour la r\u00e9novation de votre future maison. Bassin d'Arcachon et ses alentours (Biganos, Gironde 33)","robots":{"index":"index","follow":"follow","max-snippet":"max-snippet:-1","max-image-preview":"max-image-preview:large","max-video-preview":"max-video-preview:-1"},"canonical":"https:\/\/thorhabitatrenov.fr\/index.php\/travaux-second-oeuvre\/","og_locale":"en_US","og_type":"article","og_title":"Travaux de Second \u0152uvre - THOR HABITAT RENOV","og_description":"Je vous apporte mon expertise travaux pour la r\u00e9novation de votre future maison. Bassin d'Arcachon et ses alentours (Biganos, Gironde 33)","og_url":"https:\/\/thorhabitatrenov.fr\/index.php\/travaux-second-oeuvre\/","og_site_name":"THOR HABITAT RENOV","article_publisher":"https:\/\/www.facebook.com\/profile.php?id=100090367429702&locale=hi_IN&paipv=0&eav=AfaJTfxCtS8OWH53oGQ0WkMQHhDoUqPEA9tq_huYqJQrd8CBl5H4kwWXZWf1Vkgkvrw","article_modified_time":"2026-02-03T10:22:49+00:00","og_image":[{"url":"https:\/\/thorhabitatrenov.fr\/wp-content\/uploads\/2024\/01\/pexels-niki-nagy-1694429-scaled.jpg"}],"twitter_card":"summary_large_image","twitter_misc":{"Est. reading time":"1 minute"},"schema":{"@context":"https:\/\/schema.org","@graph":[{"@type":"WebPage","@id":"https:\/\/thorhabitatrenov.fr\/index.php\/travaux-second-oeuvre\/","url":"https:\/\/thorhabitatrenov.fr\/index.php\/travaux-second-oeuvre\/","name":"Travaux de Second \u0152uvre - THOR HABITAT RENOV","isPartOf":{"@id":"https:\/\/thorhabitatrenov.fr\/#website"},"primaryImageOfPage":{"@id":"https:\/\/thorhabitatrenov.fr\/index.php\/travaux-second-oeuvre\/#primaryimage"},"image":{"@id":"https:\/\/thorhabitatrenov.fr\/index.php\/travaux-second-oeuvre\/#primaryimage"},"thumbnailUrl":"https:\/\/thorhabitatrenov.fr\/wp-content\/uploads\/2024\/01\/pexels-niki-nagy-1694429-scaled.jpg","datePublished":"2024-01-05T16:29:10+00:00","dateModified":"2026-02-03T10:22:49+00:00","description":"Je vous apporte mon expertise travaux pour la r\u00e9novation de votre future maison. Bassin d'Arcachon et ses alentours (Biganos, Gironde 33)","breadcrumb":{"@id":"https:\/\/thorhabitatrenov.fr\/index.php\/travaux-second-oeuvre\/#breadcrumb"},"inLanguage":"en-US","potentialAction":[{"@type":"ReadAction","target":["https:\/\/thorhabitatrenov.fr\/index.php\/travaux-second-oeuvre\/"]}]},{"@type":"ImageObject","inLanguage":"en-US","@id":"https:\/\/thorhabitatrenov.fr\/index.php\/travaux-second-oeuvre\/#primaryimage","url":"https:\/\/thorhabitatrenov.fr\/wp-content\/uploads\/2024\/01\/pexels-niki-nagy-1694429-scaled.jpg","contentUrl":"https:\/\/thorhabitatrenov.fr\/wp-content\/uploads\/2024\/01\/pexels-niki-nagy-1694429-scaled.jpg","width":2560,"height":1920},{"@type":"BreadcrumbList","@id":"https:\/\/thorhabitatrenov.fr\/index.php\/travaux-second-oeuvre\/#breadcrumb","itemListElement":[{"@type":"ListItem","position":1,"name":"Accueil","item":"https:\/\/thorhabitatrenov.fr\/"},{"@type":"ListItem","position":2,"name":"Travaux de Second \u0152uvre"}]},{"@type":"WebSite","@id":"https:\/\/thorhabitatrenov.fr\/#website","url":"https:\/\/thorhabitatrenov.fr\/","name":"THOR HABITAT RENOV","description":"","publisher":{"@id":"https:\/\/thorhabitatrenov.fr\/#organization"},"potentialAction":[{"@type":"SearchAction","target":{"@type":"EntryPoint","urlTemplate":"https:\/\/thorhabitatrenov.fr\/?s={search_term_string}"},"query-input":{"@type":"PropertyValueSpecification","valueRequired":true,"valueName":"search_term_string"}}],"inLanguage":"en-US"},{"@type":"Organization","@id":"https:\/\/thorhabitatrenov.fr\/#organization","name":"THOR HABITAT RENOV","url":"https:\/\/thorhabitatrenov.fr\/","logo":{"@type":"ImageObject","inLanguage":"en-US","@id":"https:\/\/thorhabitatrenov.fr\/#\/schema\/logo\/image\/","url":"https:\/\/thorhabitatrenov.fr\/wp-content\/uploads\/2023\/12\/LOGO.png","contentUrl":"https:\/\/thorhabitatrenov.fr\/wp-content\/uploads\/2023\/12\/LOGO.png","width":2000,"height":2000,"caption":"THOR HABITAT RENOV"},"image":{"@id":"https:\/\/thorhabitatrenov.fr\/#\/schema\/logo\/image\/"},"sameAs":["https:\/\/www.facebook.com\/profile.php?id=100090367429702&locale=hi_IN&paipv=0&eav=AfaJTfxCtS8OWH53oGQ0WkMQHhDoUqPEA9tq_huYqJQrd8CBl5H4kwWXZWf1Vkgkvrw"]}]}},"_links":{"self":[{"href":"https:\/\/thorhabitatrenov.fr\/index.php\/wp-json\/wp\/v2\/pages\/524"}],"collection":[{"href":"https:\/\/thorhabitatrenov.fr\/index.php\/wp-json\/wp\/v2\/pages"}],"about":[{"href":"https:\/\/thorhabitatrenov.fr\/index.php\/wp-json\/wp\/v2\/types\/page"}],"author":[{"embeddable":true,"href":"https:\/\/thorhabitatrenov.fr\/index.php\/wp-json\/wp\/v2\/users\/1"}],"replies":[{"embeddable":true,"href":"https:\/\/thorhabitatrenov.fr\/index.php\/wp-json\/wp\/v2\/comments?post=524"}],"version-history":[{"count":29,"href":"https:\/\/thorhabitatrenov.fr\/index.php\/wp-json\/wp\/v2\/pages\/524\/revisions"}],"predecessor-version":[{"id":1123,"href":"https:\/\/thorhabitatrenov.fr\/index.php\/wp-json\/wp\/v2\/pages\/524\/revisions\/1123"}],"wp:attachment":[{"href":"https:\/\/thorhabitatrenov.fr\/index.php\/wp-json\/wp\/v2\/media?parent=524"}],"curies":[{"name":"wp","href":"https:\/\/api.w.org\/{rel}","templated":true}]}}