{"id":1097,"date":"2026-01-30T12:56:37","date_gmt":"2026-01-30T11:56:37","guid":{"rendered":"https:\/\/thorhabitatrenov.fr\/?page_id=1097"},"modified":"2026-02-03T11:13:01","modified_gmt":"2026-02-03T10:13:01","slug":"coaching-auto-renov","status":"publish","type":"page","link":"https:\/\/thorhabitatrenov.fr\/index.php\/coaching-auto-renov\/","title":{"rendered":"Coaching Auto-RENOV"},"content":{"rendered":"\n<p><\/p>\n\n\n\n<div class=\"wp-block-cover alignfull is-light\"><span aria-hidden=\"true\" class=\"wp-block-cover__background has-background-dim-0 has-background-dim\"><\/span><img fetchpriority=\"high\" decoding=\"async\" width=\"2560\" height=\"1920\" class=\"wp-block-cover__image-background wp-image-512\" alt=\"\" src=\"https:\/\/thorhabitatrenov.fr\/wp-content\/uploads\/2024\/01\/pexels-niki-nagy-1694359-scaled.jpg\" style=\"object-position:63% 26%\" data-object-fit=\"cover\" data-object-position=\"63% 26%\" srcset=\"https:\/\/thorhabitatrenov.fr\/wp-content\/uploads\/2024\/01\/pexels-niki-nagy-1694359-scaled.jpg 2560w, https:\/\/thorhabitatrenov.fr\/wp-content\/uploads\/2024\/01\/pexels-niki-nagy-1694359-300x225.jpg 300w, https:\/\/thorhabitatrenov.fr\/wp-content\/uploads\/2024\/01\/pexels-niki-nagy-1694359-1024x768.jpg 1024w, https:\/\/thorhabitatrenov.fr\/wp-content\/uploads\/2024\/01\/pexels-niki-nagy-1694359-768x576.jpg 768w, https:\/\/thorhabitatrenov.fr\/wp-content\/uploads\/2024\/01\/pexels-niki-nagy-1694359-1536x1152.jpg 1536w, https:\/\/thorhabitatrenov.fr\/wp-content\/uploads\/2024\/01\/pexels-niki-nagy-1694359-2048x1536.jpg 2048w\" sizes=\"(max-width: 2560px) 100vw, 2560px\" \/><div class=\"wp-block-cover__inner-container is-layout-constrained wp-block-cover-is-layout-constrained\">\n<h1 class=\"wp-block-heading alignfull has-text-align-center has-nv-site-bg-color has-text-color has-background has-link-color wp-elements-e8d47ea69082e7544c1a6ab122826936\" style=\"background-color:#2b2b2b33;padding-top:0;padding-right:0;padding-bottom:0;padding-left:0;font-size:70px\">Coaching Auto-RENOV<\/h1>\n<\/div><\/div>\n\n\n\n<p><\/p>\n\n\n\n<p class=\"has-text-align-center\">Ayant moi-m\u00eame r\u00e9alis\u00e9 un gros projet d\u2019auto-r\u00e9novation, je suis bien plac\u00e9 pour savoir que l\u2019on peut vite se sentir d\u00e9pass\u00e9. Ne pas savoir par o\u00f9 commencer ni dans quel ordre, ne pas savoir quels conseils sont corrects et adapt\u00e9s, ni quels mat\u00e9riaux ou techniques sont les plus appropri\u00e9s,\u2026<\/p>\n\n\n\n<p class=\"has-text-align-center\">J\u2019ai donc d\u00e9cid\u00e9 de proposer ce service de coaching en travaux de r\u00e9novation, pour vous aider \u00e0 les r\u00e9aliser vous-m\u00eame. Je m\u2019adapte \u00e0 vos besoins : je peux vous accompagner au lancement de vos travaux, ou en cours de chantier, ou vous accompagner du d\u00e9but \u00e0 la fin.<\/p>\n\n\n\n<p class=\"has-text-align-center\">Contactez-moi afin que l\u2019on \u00e9change ensemble et que l\u2019on voie quelle formule vous conviendrait.<\/p>\n\n\n\n<div class=\"wp-block-buttons is-content-justification-center is-layout-flex wp-container-core-buttons-layout-1 wp-block-buttons-is-layout-flex\">\n<div class=\"wp-block-button is-style-primary\"><a class=\"wp-block-button__link wp-element-button\" href=\"https:\/\/thorhabitatrenov.fr\/index.php\/me-contacter\/\">Me contacter<\/a><\/div>\n<\/div>\n","protected":false},"excerpt":{"rendered":"<p>Ayant moi-m\u00eame r\u00e9alis\u00e9 un gros projet d\u2019auto-r\u00e9novation, je suis bien plac\u00e9 pour savoir que l\u2019on peut vite se sentir d\u00e9pass\u00e9. Ne pas savoir par o\u00f9 commencer ni dans quel ordre, ne pas savoir quels conseils sont corrects et adapt\u00e9s, ni quels mat\u00e9riaux ou techniques sont les plus appropri\u00e9s,\u2026 J\u2019ai donc d\u00e9cid\u00e9 de proposer ce service&hellip;&nbsp;<a href=\"https:\/\/thorhabitatrenov.fr\/index.php\/coaching-auto-renov\/\" class=\"\" rel=\"bookmark\">Read More &raquo;<span class=\"screen-reader-text\">Coaching Auto-RENOV<\/span><\/a><\/p>\n","protected":false},"author":1,"featured_media":0,"parent":0,"menu_order":0,"comment_status":"closed","ping_status":"closed","template":"","meta":{"om_disable_all_campaigns":false,"_monsterinsights_skip_tracking":false,"_monsterinsights_sitenote_active":false,"_monsterinsights_sitenote_note":"","_monsterinsights_sitenote_category":0,"neve_meta_sidebar":"","neve_meta_container":"","neve_meta_enable_content_width":"","neve_meta_content_width":0,"neve_meta_title_alignment":"","neve_meta_author_avatar":"","neve_post_elements_order":"","neve_meta_disable_header":"","neve_meta_disable_footer":"","neve_meta_disable_title":"","_themeisle_gutenberg_block_has_review":false,"_ti_tpc_template_sync":false,"_ti_tpc_template_id":"","footnotes":""},"yoast_head":"<!-- This site is optimized with the Yoast SEO plugin v23.4 - https:\/\/yoast.com\/wordpress\/plugins\/seo\/ -->\n<title>Coaching Auto-RENOV - THOR HABITAT RENOV<\/title>\n<meta name=\"robots\" content=\"index, follow, max-snippet:-1, max-image-preview:large, max-video-preview:-1\" \/>\n<link rel=\"canonical\" href=\"https:\/\/thorhabitatrenov.fr\/index.php\/coaching-auto-renov\/\" \/>\n<meta property=\"og:locale\" content=\"en_US\" \/>\n<meta property=\"og:type\" content=\"article\" \/>\n<meta property=\"og:title\" content=\"Coaching Auto-RENOV - THOR HABITAT RENOV\" \/>\n<meta property=\"og:description\" content=\"Ayant moi-m\u00eame r\u00e9alis\u00e9 un gros projet d\u2019auto-r\u00e9novation, je suis bien plac\u00e9 pour savoir que l\u2019on peut vite se sentir d\u00e9pass\u00e9. Ne pas savoir par o\u00f9 commencer ni dans quel ordre, ne pas savoir quels conseils sont corrects et adapt\u00e9s, ni quels mat\u00e9riaux ou techniques sont les plus appropri\u00e9s,\u2026 J\u2019ai donc d\u00e9cid\u00e9 de proposer ce service&hellip;&nbsp;Read More &raquo;Coaching Auto-RENOV\" \/>\n<meta property=\"og:url\" content=\"https:\/\/thorhabitatrenov.fr\/index.php\/coaching-auto-renov\/\" \/>\n<meta property=\"og:site_name\" content=\"THOR HABITAT RENOV\" \/>\n<meta property=\"article:publisher\" content=\"https:\/\/www.facebook.com\/profile.php?id=100090367429702&amp;locale=hi_IN&amp;paipv=0&amp;eav=AfaJTfxCtS8OWH53oGQ0WkMQHhDoUqPEA9tq_huYqJQrd8CBl5H4kwWXZWf1Vkgkvrw\" \/>\n<meta property=\"article:modified_time\" content=\"2026-02-03T10:13:01+00:00\" \/>\n<meta property=\"og:image\" content=\"https:\/\/thorhabitatrenov.fr\/wp-content\/uploads\/2024\/01\/pexels-niki-nagy-1694359-scaled.jpg\" \/>\n<meta name=\"twitter:card\" content=\"summary_large_image\" \/>\n<meta name=\"twitter:label1\" content=\"Est. reading time\" \/>\n\t<meta name=\"twitter:data1\" content=\"1 minute\" \/>\n<script type=\"application\/ld+json\" class=\"yoast-schema-graph\">{\"@context\":\"https:\/\/schema.org\",\"@graph\":[{\"@type\":\"WebPage\",\"@id\":\"https:\/\/thorhabitatrenov.fr\/index.php\/coaching-auto-renov\/\",\"url\":\"https:\/\/thorhabitatrenov.fr\/index.php\/coaching-auto-renov\/\",\"name\":\"Coaching Auto-RENOV - THOR HABITAT RENOV\",\"isPartOf\":{\"@id\":\"https:\/\/thorhabitatrenov.fr\/#website\"},\"primaryImageOfPage\":{\"@id\":\"https:\/\/thorhabitatrenov.fr\/index.php\/coaching-auto-renov\/#primaryimage\"},\"image\":{\"@id\":\"https:\/\/thorhabitatrenov.fr\/index.php\/coaching-auto-renov\/#primaryimage\"},\"thumbnailUrl\":\"https:\/\/thorhabitatrenov.fr\/wp-content\/uploads\/2024\/01\/pexels-niki-nagy-1694359-scaled.jpg\",\"datePublished\":\"2026-01-30T11:56:37+00:00\",\"dateModified\":\"2026-02-03T10:13:01+00:00\",\"breadcrumb\":{\"@id\":\"https:\/\/thorhabitatrenov.fr\/index.php\/coaching-auto-renov\/#breadcrumb\"},\"inLanguage\":\"en-US\",\"potentialAction\":[{\"@type\":\"ReadAction\",\"target\":[\"https:\/\/thorhabitatrenov.fr\/index.php\/coaching-auto-renov\/\"]}]},{\"@type\":\"ImageObject\",\"inLanguage\":\"en-US\",\"@id\":\"https:\/\/thorhabitatrenov.fr\/index.php\/coaching-auto-renov\/#primaryimage\",\"url\":\"https:\/\/thorhabitatrenov.fr\/wp-content\/uploads\/2024\/01\/pexels-niki-nagy-1694359-scaled.jpg\",\"contentUrl\":\"https:\/\/thorhabitatrenov.fr\/wp-content\/uploads\/2024\/01\/pexels-niki-nagy-1694359-scaled.jpg\",\"width\":2560,\"height\":1920},{\"@type\":\"BreadcrumbList\",\"@id\":\"https:\/\/thorhabitatrenov.fr\/index.php\/coaching-auto-renov\/#breadcrumb\",\"itemListElement\":[{\"@type\":\"ListItem\",\"position\":1,\"name\":\"Accueil\",\"item\":\"https:\/\/thorhabitatrenov.fr\/\"},{\"@type\":\"ListItem\",\"position\":2,\"name\":\"Coaching Auto-RENOV\"}]},{\"@type\":\"WebSite\",\"@id\":\"https:\/\/thorhabitatrenov.fr\/#website\",\"url\":\"https:\/\/thorhabitatrenov.fr\/\",\"name\":\"THOR HABITAT RENOV\",\"description\":\"\",\"publisher\":{\"@id\":\"https:\/\/thorhabitatrenov.fr\/#organization\"},\"potentialAction\":[{\"@type\":\"SearchAction\",\"target\":{\"@type\":\"EntryPoint\",\"urlTemplate\":\"https:\/\/thorhabitatrenov.fr\/?s={search_term_string}\"},\"query-input\":{\"@type\":\"PropertyValueSpecification\",\"valueRequired\":true,\"valueName\":\"search_term_string\"}}],\"inLanguage\":\"en-US\"},{\"@type\":\"Organization\",\"@id\":\"https:\/\/thorhabitatrenov.fr\/#organization\",\"name\":\"THOR HABITAT RENOV\",\"url\":\"https:\/\/thorhabitatrenov.fr\/\",\"logo\":{\"@type\":\"ImageObject\",\"inLanguage\":\"en-US\",\"@id\":\"https:\/\/thorhabitatrenov.fr\/#\/schema\/logo\/image\/\",\"url\":\"https:\/\/thorhabitatrenov.fr\/wp-content\/uploads\/2023\/12\/LOGO.png\",\"contentUrl\":\"https:\/\/thorhabitatrenov.fr\/wp-content\/uploads\/2023\/12\/LOGO.png\",\"width\":2000,\"height\":2000,\"caption\":\"THOR HABITAT RENOV\"},\"image\":{\"@id\":\"https:\/\/thorhabitatrenov.fr\/#\/schema\/logo\/image\/\"},\"sameAs\":[\"https:\/\/www.facebook.com\/profile.php?id=100090367429702&locale=hi_IN&paipv=0&eav=AfaJTfxCtS8OWH53oGQ0WkMQHhDoUqPEA9tq_huYqJQrd8CBl5H4kwWXZWf1Vkgkvrw\"]}]}<\/script>\n<!-- \/ Yoast SEO plugin. -->","yoast_head_json":{"title":"Coaching Auto-RENOV - THOR HABITAT RENOV","robots":{"index":"index","follow":"follow","max-snippet":"max-snippet:-1","max-image-preview":"max-image-preview:large","max-video-preview":"max-video-preview:-1"},"canonical":"https:\/\/thorhabitatrenov.fr\/index.php\/coaching-auto-renov\/","og_locale":"en_US","og_type":"article","og_title":"Coaching Auto-RENOV - THOR HABITAT RENOV","og_description":"Ayant moi-m\u00eame r\u00e9alis\u00e9 un gros projet d\u2019auto-r\u00e9novation, je suis bien plac\u00e9 pour savoir que l\u2019on peut vite se sentir d\u00e9pass\u00e9. Ne pas savoir par o\u00f9 commencer ni dans quel ordre, ne pas savoir quels conseils sont corrects et adapt\u00e9s, ni quels mat\u00e9riaux ou techniques sont les plus appropri\u00e9s,\u2026 J\u2019ai donc d\u00e9cid\u00e9 de proposer ce service&hellip;&nbsp;Read More &raquo;Coaching Auto-RENOV","og_url":"https:\/\/thorhabitatrenov.fr\/index.php\/coaching-auto-renov\/","og_site_name":"THOR HABITAT RENOV","article_publisher":"https:\/\/www.facebook.com\/profile.php?id=100090367429702&locale=hi_IN&paipv=0&eav=AfaJTfxCtS8OWH53oGQ0WkMQHhDoUqPEA9tq_huYqJQrd8CBl5H4kwWXZWf1Vkgkvrw","article_modified_time":"2026-02-03T10:13:01+00:00","og_image":[{"url":"https:\/\/thorhabitatrenov.fr\/wp-content\/uploads\/2024\/01\/pexels-niki-nagy-1694359-scaled.jpg"}],"twitter_card":"summary_large_image","twitter_misc":{"Est. reading time":"1 minute"},"schema":{"@context":"https:\/\/schema.org","@graph":[{"@type":"WebPage","@id":"https:\/\/thorhabitatrenov.fr\/index.php\/coaching-auto-renov\/","url":"https:\/\/thorhabitatrenov.fr\/index.php\/coaching-auto-renov\/","name":"Coaching Auto-RENOV - THOR HABITAT RENOV","isPartOf":{"@id":"https:\/\/thorhabitatrenov.fr\/#website"},"primaryImageOfPage":{"@id":"https:\/\/thorhabitatrenov.fr\/index.php\/coaching-auto-renov\/#primaryimage"},"image":{"@id":"https:\/\/thorhabitatrenov.fr\/index.php\/coaching-auto-renov\/#primaryimage"},"thumbnailUrl":"https:\/\/thorhabitatrenov.fr\/wp-content\/uploads\/2024\/01\/pexels-niki-nagy-1694359-scaled.jpg","datePublished":"2026-01-30T11:56:37+00:00","dateModified":"2026-02-03T10:13:01+00:00","breadcrumb":{"@id":"https:\/\/thorhabitatrenov.fr\/index.php\/coaching-auto-renov\/#breadcrumb"},"inLanguage":"en-US","potentialAction":[{"@type":"ReadAction","target":["https:\/\/thorhabitatrenov.fr\/index.php\/coaching-auto-renov\/"]}]},{"@type":"ImageObject","inLanguage":"en-US","@id":"https:\/\/thorhabitatrenov.fr\/index.php\/coaching-auto-renov\/#primaryimage","url":"https:\/\/thorhabitatrenov.fr\/wp-content\/uploads\/2024\/01\/pexels-niki-nagy-1694359-scaled.jpg","contentUrl":"https:\/\/thorhabitatrenov.fr\/wp-content\/uploads\/2024\/01\/pexels-niki-nagy-1694359-scaled.jpg","width":2560,"height":1920},{"@type":"BreadcrumbList","@id":"https:\/\/thorhabitatrenov.fr\/index.php\/coaching-auto-renov\/#breadcrumb","itemListElement":[{"@type":"ListItem","position":1,"name":"Accueil","item":"https:\/\/thorhabitatrenov.fr\/"},{"@type":"ListItem","position":2,"name":"Coaching Auto-RENOV"}]},{"@type":"WebSite","@id":"https:\/\/thorhabitatrenov.fr\/#website","url":"https:\/\/thorhabitatrenov.fr\/","name":"THOR HABITAT RENOV","description":"","publisher":{"@id":"https:\/\/thorhabitatrenov.fr\/#organization"},"potentialAction":[{"@type":"SearchAction","target":{"@type":"EntryPoint","urlTemplate":"https:\/\/thorhabitatrenov.fr\/?s={search_term_string}"},"query-input":{"@type":"PropertyValueSpecification","valueRequired":true,"valueName":"search_term_string"}}],"inLanguage":"en-US"},{"@type":"Organization","@id":"https:\/\/thorhabitatrenov.fr\/#organization","name":"THOR HABITAT RENOV","url":"https:\/\/thorhabitatrenov.fr\/","logo":{"@type":"ImageObject","inLanguage":"en-US","@id":"https:\/\/thorhabitatrenov.fr\/#\/schema\/logo\/image\/","url":"https:\/\/thorhabitatrenov.fr\/wp-content\/uploads\/2023\/12\/LOGO.png","contentUrl":"https:\/\/thorhabitatrenov.fr\/wp-content\/uploads\/2023\/12\/LOGO.png","width":2000,"height":2000,"caption":"THOR HABITAT RENOV"},"image":{"@id":"https:\/\/thorhabitatrenov.fr\/#\/schema\/logo\/image\/"},"sameAs":["https:\/\/www.facebook.com\/profile.php?id=100090367429702&locale=hi_IN&paipv=0&eav=AfaJTfxCtS8OWH53oGQ0WkMQHhDoUqPEA9tq_huYqJQrd8CBl5H4kwWXZWf1Vkgkvrw"]}]}},"_links":{"self":[{"href":"https:\/\/thorhabitatrenov.fr\/index.php\/wp-json\/wp\/v2\/pages\/1097"}],"collection":[{"href":"https:\/\/thorhabitatrenov.fr\/index.php\/wp-json\/wp\/v2\/pages"}],"about":[{"href":"https:\/\/thorhabitatrenov.fr\/index.php\/wp-json\/wp\/v2\/types\/page"}],"author":[{"embeddable":true,"href":"https:\/\/thorhabitatrenov.fr\/index.php\/wp-json\/wp\/v2\/users\/1"}],"replies":[{"embeddable":true,"href":"https:\/\/thorhabitatrenov.fr\/index.php\/wp-json\/wp\/v2\/comments?post=1097"}],"version-history":[{"count":2,"href":"https:\/\/thorhabitatrenov.fr\/index.php\/wp-json\/wp\/v2\/pages\/1097\/revisions"}],"predecessor-version":[{"id":1116,"href":"https:\/\/thorhabitatrenov.fr\/index.php\/wp-json\/wp\/v2\/pages\/1097\/revisions\/1116"}],"wp:attachment":[{"href":"https:\/\/thorhabitatrenov.fr\/index.php\/wp-json\/wp\/v2\/media?parent=1097"}],"curies":[{"name":"wp","href":"https:\/\/api.w.org\/{rel}","templated":true}]}}